{"id":474,"date":"2014-05-13T10:49:05","date_gmt":"2014-05-13T08:49:05","guid":{"rendered":"http:\/\/www.krompachumi.cz\/?page_id=474"},"modified":"2023-06-19T22:28:58","modified_gmt":"2023-06-19T20:28:58","slug":"jarmark","status":"publish","type":"page","link":"https:\/\/www.krompachumi.cz\/?page_id=474","title":{"rendered":"Jarmarky a slavnosti"},"content":{"rendered":"<h1>Pozv\u00e1nka &#8211; rok 2023<\/h1>\n<h1>Jarmark v r\u00e1mci Krompa\u0161sk\u00fdch slavnost\u00ed 1.7.2023<\/h1>\n<p><strong><a href=\"https:\/\/www.krompachumi.cz\/wp-content\/uploads\/2023\/06\/Krompasske-slavnosti-2023_pozvanka_CZ.pdf\">Krompasske slavnosti 2023_pozv\u00e1nka_CZ<\/a><\/strong><\/p>\n<p><strong><a href=\"https:\/\/www.krompachumi.cz\/wp-content\/uploads\/2023\/06\/Krompacher-Fest-2023_Einladung_DE.pdf\">Krompacher Fest 2023_Einladung_DE<\/a><\/strong><\/p>\n<h1 style=\"text-align: left;\"><strong>Pozv\u00e1nka &#8211; rok 2022<br \/>\nJarmark v r\u00e1mci Krompa\u0161sk\u00fdch slavnost\u00ed 9.7.2022<br \/>\n<a href=\"http:\/\/www.krompachumi.cz\/wp-content\/uploads\/2014\/05\/Krompa\u0161sk\u00e9-slavnosti-2022_PROGRAM.pdf\">Krompa\u0161sk\u00e9 slavnosti 2022_PROGRAM<\/a><br \/>\n<a href=\"http:\/\/www.krompachumi.cz\/wp-content\/uploads\/2014\/05\/Krompacher-Fest-2022_PROGRAMM.pdf\">Krompacher Fest 2022_PROGRAMM<\/a><\/strong><\/h1>\n<p>Pozv\u00e1nka na jarmark &#8211; rok 2019 &#8211; 15. 6. 2019<br \/>\n<a href=\"http:\/\/www.krompachumi.cz\/wp-content\/uploads\/2014\/05\/Krompach-kann_Jahrmarkt-2019.jpg\"><img decoding=\"async\" loading=\"lazy\" class=\"alignleft size-medium wp-image-1162\" src=\"http:\/\/www.krompachumi.cz\/wp-content\/uploads\/2014\/05\/Krompach-kann_Jahrmarkt-2019-212x300.jpg\" alt=\"Krompach kann_Jahrmarkt 2019\" width=\"212\" height=\"300\" srcset=\"https:\/\/www.krompachumi.cz\/wp-content\/uploads\/2014\/05\/Krompach-kann_Jahrmarkt-2019-212x300.jpg 212w, https:\/\/www.krompachumi.cz\/wp-content\/uploads\/2014\/05\/Krompach-kann_Jahrmarkt-2019-724x1024.jpg 724w, https:\/\/www.krompachumi.cz\/wp-content\/uploads\/2014\/05\/Krompach-kann_Jahrmarkt-2019-70x100.jpg 70w, https:\/\/www.krompachumi.cz\/wp-content\/uploads\/2014\/05\/Krompach-kann_Jahrmarkt-2019-624x882.jpg 624w, https:\/\/www.krompachumi.cz\/wp-content\/uploads\/2014\/05\/Krompach-kann_Jahrmarkt-2019.jpg 794w\" sizes=\"(max-width: 212px) 100vw, 212px\" \/><\/a> <a href=\"http:\/\/www.krompachumi.cz\/wp-content\/uploads\/2014\/05\/Krompach-um\u00ed-2019_pozv\u00e1nka.jpg\"><img decoding=\"async\" loading=\"lazy\" class=\"alignleft size-medium wp-image-1161\" src=\"http:\/\/www.krompachumi.cz\/wp-content\/uploads\/2014\/05\/Krompach-um\u00ed-2019_pozv\u00e1nka-212x300.jpg\" alt=\"Krompach um\u00ed 2019_pozv\u00e1nka\" width=\"212\" height=\"300\" srcset=\"https:\/\/www.krompachumi.cz\/wp-content\/uploads\/2014\/05\/Krompach-um\u00ed-2019_pozv\u00e1nka-212x300.jpg 212w, https:\/\/www.krompachumi.cz\/wp-content\/uploads\/2014\/05\/Krompach-um\u00ed-2019_pozv\u00e1nka-724x1024.jpg 724w, https:\/\/www.krompachumi.cz\/wp-content\/uploads\/2014\/05\/Krompach-um\u00ed-2019_pozv\u00e1nka-70x100.jpg 70w, https:\/\/www.krompachumi.cz\/wp-content\/uploads\/2014\/05\/Krompach-um\u00ed-2019_pozv\u00e1nka-624x882.jpg 624w, https:\/\/www.krompachumi.cz\/wp-content\/uploads\/2014\/05\/Krompach-um\u00ed-2019_pozv\u00e1nka.jpg 794w\" sizes=\"(max-width: 212px) 100vw, 212px\" \/><\/a><\/p>\n<hr>\n<h1 style=\"text-align: left;\"><strong><br \/>\nPozv\u00e1nka na jarmark &#8211; rok <strong>2018 &#8211; 16. 6. 2018<\/strong><\/strong><\/h1>\n<h1 style=\"text-align: left;\"><strong><strong><a href=\"http:\/\/www.krompachumi.cz\/wp-content\/uploads\/2018\/05\/Pozvanka-na-jarmark-2018.jpg\"><img decoding=\"async\" loading=\"lazy\" class=\"size-large wp-image-976\" src=\"http:\/\/www.krompachumi.cz\/wp-content\/uploads\/2018\/05\/Pozvanka-na-jarmark-2018-1024x576.jpg\" alt=\"Pozvanka na jarmark 2018\" width=\"625\" height=\"351\" srcset=\"https:\/\/www.krompachumi.cz\/wp-content\/uploads\/2018\/05\/Pozvanka-na-jarmark-2018-1024x576.jpg 1024w, https:\/\/www.krompachumi.cz\/wp-content\/uploads\/2018\/05\/Pozvanka-na-jarmark-2018-300x168.jpg 300w, https:\/\/www.krompachumi.cz\/wp-content\/uploads\/2018\/05\/Pozvanka-na-jarmark-2018-150x84.jpg 150w, https:\/\/www.krompachumi.cz\/wp-content\/uploads\/2018\/05\/Pozvanka-na-jarmark-2018-624x351.jpg 624w, https:\/\/www.krompachumi.cz\/wp-content\/uploads\/2018\/05\/Pozvanka-na-jarmark-2018.jpg 1280w\" sizes=\"(max-width: 625px) 100vw, 625px\" \/><\/a><br \/>\n<a href=\"http:\/\/www.krompachumi.cz\/wp-content\/uploads\/2018\/05\/Einladung-zum-Jahrmakrt-in-Krompach-2018.jpg\"><img decoding=\"async\" loading=\"lazy\" class=\"size-large wp-image-977 alignleft\" src=\"http:\/\/www.krompachumi.cz\/wp-content\/uploads\/2018\/05\/Einladung-zum-Jahrmakrt-in-Krompach-2018-1024x576.jpg\" alt=\"Einladung zum Jahrmakrt in Krompach 2018\" width=\"625\" height=\"351\" srcset=\"https:\/\/www.krompachumi.cz\/wp-content\/uploads\/2018\/05\/Einladung-zum-Jahrmakrt-in-Krompach-2018-1024x576.jpg 1024w, https:\/\/www.krompachumi.cz\/wp-content\/uploads\/2018\/05\/Einladung-zum-Jahrmakrt-in-Krompach-2018-300x168.jpg 300w, https:\/\/www.krompachumi.cz\/wp-content\/uploads\/2018\/05\/Einladung-zum-Jahrmakrt-in-Krompach-2018-150x84.jpg 150w, https:\/\/www.krompachumi.cz\/wp-content\/uploads\/2018\/05\/Einladung-zum-Jahrmakrt-in-Krompach-2018-624x351.jpg 624w, https:\/\/www.krompachumi.cz\/wp-content\/uploads\/2018\/05\/Einladung-zum-Jahrmakrt-in-Krompach-2018.jpg 1280w\" sizes=\"(max-width: 625px) 100vw, 625px\" \/><\/a><\/strong><br \/>\n<\/strong><\/h1>\n<h1 style=\"text-align: left;\"><strong>Pozv\u00e1nka na jarmark &#8211; rok <strong>2017 &#8211; 10. 6. 2017<\/strong><\/strong><\/h1>\n<p><strong><strong><a href=\"http:\/\/www.krompachumi.cz\/wp-content\/uploads\/2017\/03\/Pozvanka-na-jarmark-2017_kr\u00e1tk\u00e1_final.jpg\"><img decoding=\"async\" loading=\"lazy\" class=\"size-large wp-image-870\" src=\"http:\/\/www.krompachumi.cz\/wp-content\/uploads\/2017\/03\/Pozvanka-na-jarmark-2017_kr\u00e1tk\u00e1_final-1024x576.jpg\" alt=\"Pozvanka na jarmark 2017_kr\u00e1tk\u00e1_final\" width=\"625\" height=\"351\" srcset=\"https:\/\/www.krompachumi.cz\/wp-content\/uploads\/2017\/03\/Pozvanka-na-jarmark-2017_kr\u00e1tk\u00e1_final-1024x576.jpg 1024w, https:\/\/www.krompachumi.cz\/wp-content\/uploads\/2017\/03\/Pozvanka-na-jarmark-2017_kr\u00e1tk\u00e1_final-300x168.jpg 300w, https:\/\/www.krompachumi.cz\/wp-content\/uploads\/2017\/03\/Pozvanka-na-jarmark-2017_kr\u00e1tk\u00e1_final-150x84.jpg 150w, https:\/\/www.krompachumi.cz\/wp-content\/uploads\/2017\/03\/Pozvanka-na-jarmark-2017_kr\u00e1tk\u00e1_final-624x351.jpg 624w, https:\/\/www.krompachumi.cz\/wp-content\/uploads\/2017\/03\/Pozvanka-na-jarmark-2017_kr\u00e1tk\u00e1_final.jpg 1280w\" sizes=\"(max-width: 625px) 100vw, 625px\" \/><\/a><br \/>\n<a href=\"http:\/\/www.krompachumi.cz\/wp-content\/uploads\/2017\/03\/Jahrmarkt-in-Krompach-2017_kr\u00e1tk\u00e1_final.jpg\"><img decoding=\"async\" loading=\"lazy\" class=\"size-large wp-image-871 alignleft\" src=\"http:\/\/www.krompachumi.cz\/wp-content\/uploads\/2017\/03\/Jahrmarkt-in-Krompach-2017_kr\u00e1tk\u00e1_final-1024x576.jpg\" alt=\"Jahrmarkt in Krompach 2017_kr\u00e1tk\u00e1_final\" width=\"625\" height=\"351\" srcset=\"https:\/\/www.krompachumi.cz\/wp-content\/uploads\/2017\/03\/Jahrmarkt-in-Krompach-2017_kr\u00e1tk\u00e1_final-1024x576.jpg 1024w, https:\/\/www.krompachumi.cz\/wp-content\/uploads\/2017\/03\/Jahrmarkt-in-Krompach-2017_kr\u00e1tk\u00e1_final-300x168.jpg 300w, https:\/\/www.krompachumi.cz\/wp-content\/uploads\/2017\/03\/Jahrmarkt-in-Krompach-2017_kr\u00e1tk\u00e1_final-150x84.jpg 150w, https:\/\/www.krompachumi.cz\/wp-content\/uploads\/2017\/03\/Jahrmarkt-in-Krompach-2017_kr\u00e1tk\u00e1_final-624x351.jpg 624w, https:\/\/www.krompachumi.cz\/wp-content\/uploads\/2017\/03\/Jahrmarkt-in-Krompach-2017_kr\u00e1tk\u00e1_final.jpg 1280w\" sizes=\"(max-width: 625px) 100vw, 625px\" \/><\/a><\/strong><\/strong><\/p>\n<div id=\"wp-content-media-buttons\" class=\"wp-media-buttons\" style=\"text-align: left;\"><\/div>\n<h1><strong><br \/>\nPozv\u00e1nka na jarmark &#8211; rok 2016 &#8211; <strong>18. 6. 2016<br \/>\n<\/strong><\/strong><\/h1>\n<p><a href=\"http:\/\/www.krompachumi.cz\/wp-content\/uploads\/2016\/06\/Pozvanka-na-jarmark-2016_\u010dasov\u00fd-posun_final.pdf\">Pozvanka na jarmark 2016<\/a><a href=\"http:\/\/www.krompachumi.cz\/wp-content\/uploads\/2016\/05\/Einladung-zum-Jahrmakrt-in-Krompach-2016.pdf\"><br \/>\nEinladung zum Jahrmakrt in Krompach 2016<\/a><\/p>\n<p><strong>V sobotu 18. 6. 2016 se bude v Krompachu<\/strong> op\u011bt konat sousedsk\u00e9 setk\u00e1n\u00ed s uk\u00e1zkami kon\u00ed\u010dk\u016f m\u00edstn\u00edch soused\u016f a letos poprv\u00e9 i soused\u016f z bl\u00edzk\u00e9ho okol\u00ed (nap\u0159. z Ma\u0159enic, Jonsdorfu, apod.)<\/p>\n<p>P\u0159ij\u010fte se pod\u00edvat, co v\u0161e soused\u00e9 um\u00ed. Vzhledem ke spole\u010dn\u00e9 \u00fa\u010dasti \u010desk\u00fdch i n\u011bmeck\u00fdch n\u00e1v\u0161t\u011bvn\u00edk\u016f bude program letos poprv\u00e9 tlumo\u010den i do n\u011bmeck\u00e9ho jazyka.<\/p>\n<p>Akce bude m\u00edt 2 \u010d\u00e1sti:<\/p>\n<ul>\n<li><strong> ODPOLEDN\u00cd \u010c\u00c1ST<br \/>\n<\/strong><\/li>\n<\/ul>\n<p><strong>Uk\u00e1zky<\/strong><br \/>\nOd 14 hodin uvid\u00edte uk\u00e1zky kon\u00ed\u010dk\u016f m\u00edstn\u00edch soused\u016f. Budete m\u00edt mo\u017enost zjistit v\u00edce o jejich oblastech z\u00e1jmu. U n\u011bkter\u00fdch i vzorky toho, co um\u00ed, ochutn\u00e1te. A n\u011bkter\u00e9 v\u00fdrobky bude mo\u017en\u00e9 si i po\u0159\u00eddit.<\/p>\n<p><strong>Program<\/strong><br \/>\nOd 14 do 16 hodin bude akci doprov\u00e1zet slovem i hudbou dopl\u0148kov\u00fd program. Dal\u0161\u00edmi hosty budou starostov\u00e9 spolupracuj\u00edc\u00edch obc\u00ed (Krompach, Ma\u0159enice, Jonsdorf, Oybin), pokud to jejich nabit\u00e9 programy dovol\u00ed.<\/p>\n<p><strong>Spole\u010dn\u00e9 vyfocen\u00ed<\/strong><br \/>\nR\u00e1di bychom V\u00e1s pozvali tak\u00e9 na spole\u010dn\u00e9 vyfocen\u00ed m\u00edstn\u00edch i chalup\u00e1\u0159\u016f na parkovi\u0161ti u kostela v Krompachu dne 18.6.2016 <span style=\"color: #330033;\">v 16 hod.<\/span> Tato <strong>skupinov\u00e1 fotka by m\u011bla zachytit co nejv\u00edce krompa\u0161sk\u00fdch lid\u00ed a bude pro n\u00e1s v\u0161echny pam\u00e1tkou pro \u010dasy budouc\u00ed.<\/strong> Fotografie bude k dispozici na O\u00da a z\u00e1jemc\u016fm ji ve vyti\u0161t\u011bn\u00e9 nebo elektronick\u00e9 podob\u011b r\u00e1di poskytneme.<\/p>\n<p><strong>P\u0158IJ\u010eTE V CO NEJV\u011aT\u0160\u00cdM PO\u010cTU, takovouto spole\u010dnou fotografii ur\u010dit\u011b \u017e\u00e1dn\u00e1 jin\u00e1 obec v Lu\u017eick\u00fdch hor\u00e1ch nem\u00e1 \ud83d\ude42<br \/>\n<\/strong><\/p>\n<h5><a href=\"http:\/\/www.krompachumi.cz\/wp-content\/uploads\/2016\/05\/Pozv\u00e1nka-na-spole\u010dn\u00e9-vyfocen\u00ed_2016.pdf\">Pozv\u00e1nka na spole\u010dn\u00e9 vyfocen\u00ed_2016<\/a><\/h5>\n<ul>\n<li><strong>VE\u010cERN\u00cd \u010c\u00c1ST<br \/>\n<\/strong><\/li>\n<\/ul>\n<p>Od 19 hodin v restauraci Na H\u0159ebenovce v Krompachu na Valech (\u010d.p. 114 V\u00e1s) zveme ke zhl\u00e9dnut\u00ed <strong>premi\u00e9ry divadeln\u00edho p\u0159edstaven\u00ed &#8222;N\u00e1v\u0161t\u011bva&#8220;<\/strong> v pod\u00e1n\u00ed m\u00edstn\u00edch soused\u016f, kter\u00e9 bav\u00ed hr\u00e1t amat\u00e9rsk\u00e9 divadlo.<\/p>\n<p>V p\u00e1tek <strong>17. 6. 2016 od 20, 30 hodin zveme Na H\u0159ebenovku<\/strong> k n\u00e1v\u0161t\u011bv\u011b ve\u0159ejnosti p\u0159\u00edstupn\u00e9 <strong>gener\u00e1ln\u00ed zkou\u0161ky na divadeln\u00ed p\u0159edstaven\u00ed.<\/strong> <strong>Vzhledem k omezen\u00e9mu mno\u017estv\u00ed m\u00edst doporu\u010dujeme n\u00e1v\u0161t\u011bvu p\u0159edstaven\u00ed ji\u017e v p\u00e1tek.<\/strong><\/p>\n<p>Srde\u010dn\u011b zveme mal\u00e9 i velk\u00e9, \u010desk\u00e9 i zahrani\u010dn\u00ed n\u00e1v\u0161t\u011bvn\u00edky.<\/p>\n<h1>&#8230;&#8230;&#8230;&#8230;&#8230;&#8230;&#8230;&#8230;&#8230;&#8230;&#8230;&#8230;&#8230;&#8230;&#8230;&#8230;&#8230;&#8230;..<\/h1>\n<p>Pozv\u00e1nka na jarmark v roce 2015<\/p>\n<p><a href=\"http:\/\/www.krompachumi.cz\/wp-content\/uploads\/2015\/05\/Pozv\u00e1nka-na-jarmark-2015.pdf\">Pozv\u00e1nka na jarmark 2015<\/a> <a href=\"http:\/\/www.krompachumi.cz\/wp-content\/uploads\/2015\/05\/Einladung-zum-Jahrmakrt-in-Krompach-2015.pdf\">Einladung zum Jahrmakrt in Krompach 2015<\/a><\/p>\n<p>I v roce 2015 se v Krompachu bude konat sousedsk\u00fd jarmark s uk\u00e1zkami kon\u00ed\u010dk\u016f m\u00edstn\u00edch soused\u016f. P\u0159ij\u010fte se pod\u00edvat, co v\u0161e soused\u00e9 v Krompachu um\u00ed.<\/p>\n<p><strong> Kdy a kde: 20. 6. 2015 v obci Krompach<br \/>\n<\/strong><br \/>\nAkce bude m\u00edt 2 \u010d\u00e1sti:<\/p>\n<ul>\n<li><strong> ODPOLEDNE<\/strong><\/li>\n<\/ul>\n<p>Od 14 hodin na parkovi\u0161ti v Krompachu u kostela uvid\u00edte uk\u00e1zky kon\u00ed\u010dk\u016f m\u00edstn\u00edch soused\u016f. Budete m\u00edt mo\u017enost zjistit v\u00edce o jejich oblastech z\u00e1jmu. U n\u011bkter\u00fdch i vzorky toho, co um\u00ed, ochutn\u00e1te. A n\u011bkter\u00e9 v\u00fdrobky mo\u017en\u00e1 bude mo\u017en\u00e9 si i po\u0159\u00eddit.<\/p>\n<ul>\n<li><strong> VE\u010cER<\/strong><\/li>\n<\/ul>\n<p>Od 19 hodin v restauraci Na H\u0159ebenovce v Krompachu na Valech s \u010d\u00edslem popisn\u00fdm 114 V\u00e1s zveme ke zhl\u00e9dnut\u00ed divadeln\u00edho p\u0159edstaven\u00ed &#8222;Podruh\u00e9 si t\u011b u\u017e nevezmu&#8220; v pod\u00e1n\u00ed m\u00edstn\u00edch soused\u016f, kter\u00e9 bav\u00ed hr\u00e1t amat\u00e9rsk\u00e9 divadlo.<\/p>\n<p>Srde\u010dn\u011b zveme mal\u00e9 i velk\u00e9, \u010desk\u00e9 i zahrani\u010dn\u00ed n\u00e1v\u0161t\u011bvn\u00edky.<\/p>\n<h1>Pozv\u00e1nka na jarmark v roce 2014<\/h1>\n<h2>Srde\u010dn\u011b zveme na sousedsk\u00fd jarmark na t\u00e9ma, co v\u0161echno lidi v obci Krompach um\u00ed. Pozv\u00e1nka na jarmark je <a href=\"tisk\/Pozvanka_na_jarmark_v_Krompachu.pdf\" target=\"_blank\" rel=\"noopener\">zde<\/a>.<\/h2>\n<table class=\"clear-table\" width=\"618\">\n<tbody>\n<tr>\n<td class=\"clear-cell\"><strong>Kdy:<\/strong><\/td>\n<td class=\"clear-cell\">14. 6. 2014 ve 14 hod.<\/td>\n<\/tr>\n<tr>\n<td class=\"clear-cell\"><strong>Kde:<\/strong><\/td>\n<td class=\"clear-cell\">na parkovi\u0161ti p\u0159ed kostelem v Krompachu<\/td>\n<\/tr>\n<tr>\n<td class=\"clear-cell\"><strong>PROGRAM:<\/strong><\/td>\n<td class=\"clear-cell\">P\u0159edstaven\u00ed oblast\u00ed, kter\u00e9 soused\u00e9 v Krompachu um\u00ed a jsou s nimi druh\u00e9mu ochotni poradit<\/p>\n<ul>\n<li>Uk\u00e1zky zaj\u00edmav\u00fdch kon\u00ed\u010dk\u016f<\/li>\n<li>K\u0159est publikace \u201eKrompach um\u00ed\u201c<\/li>\n<li>Amat\u00e9rsk\u00e9 divadlo, zp\u011bv, hudba<\/li>\n<\/ul>\n<\/td>\n<\/tr>\n<\/tbody>\n<\/table>\n<h1>Co je smyslem jarmarku v Krompachu?<\/h1>\n<ul>\n<li>Aby obyvatel\u00e9 Krompachu uk\u00e1zali n\u00e1v\u0161t\u011bvn\u00edk\u016fm n\u011bkter\u00e9 \u010dinnosti, kter\u00e9 um\u00ed, vysv\u011btlili postup a nab\u00eddli uk\u00e1zky \u010dinnost\u00ed, kter\u00e9 v r\u00e1mci sv\u00e9ho kon\u00ed\u010dku d\u011blaj\u00ed.<\/li>\n<li>Aby soused\u00e9, kte\u0159\u00ed se dosud neznali, mezi sebou nav\u00e1zali kontakty.<\/li>\n<\/ul>\n<h1>Kdo v\u0161echno na jarmarku \u00fa\u010dinkuje?<\/h1>\n<p>V\u0161ichni \u00fa\u010dinkuj\u00edc\u00ed jsou \u201ekrompa\u0161\u0161t\u00ed\u201c a zapojuj\u00ed se do t\u00e9to akce dobrovoln\u011b:<\/p>\n<ul>\n<li>na podiu kon\u00ed\u010dky zp\u011bv, divadlo, hudba<\/li>\n<li>u st\u00e1nk\u016f uk\u00e1zky a postupy k vybran\u00fdm kon\u00ed\u010dk\u016fm &#8211; nap\u0159. v\u00fdroba slune\u010dn\u00edch hodin, p\u0159\u00edprava dom\u00e1c\u00edch nudl\u00ed, p\u0159edveden\u00ed dom\u00e1c\u00edch \u201emoto-mil\u00e1\u010dk\u016f\u201c (veter\u00e1ni) apod.<\/li>\n<\/ul>\n<h1>Pro\u010d vznikl sousedsk\u00fd jarmark jako sou\u010d\u00e1st projektu \u201eKrompach um\u00ed\u201c?<\/h1>\n<ul>\n<li>Kon\u00ed\u010dky soused\u016f, kter\u00e9 jsou uvedeny na t\u011bchto webov\u00fdch str\u00e1nk\u00e1ch v \u010d\u00e1sti \u201eSeznam adres\u201c, jsou zaj\u00edmav\u00e9 a byla by \u0161koda se s nimi nepochlubit<\/li>\n<li>Zde na internetu \u010di v publikaci \u201eKrompach um\u00ed\u201c jsou uvedeny \u201ejen\u201c v elektronick\u00e9 \u010di ti\u0161t\u011bn\u00e9 podob\u011b<\/li>\n<li>Sousedsk\u00fd jarmark tyto kon\u00ed\u010dky p\u0159edstavuje v\u0161em na\u017eivo<\/li>\n<li>Na jarmarku tedy nejde prim\u00e1rn\u011b o prodej zbo\u017e\u00ed, ale o uk\u00e1zky zaj\u00edmav\u00fdch kon\u00ed\u010dk\u016f a p\u0159\u00edjemn\u00e9 sousedsk\u00e9 popov\u00edd\u00e1n\u00ed<\/li>\n<\/ul>\n","protected":false},"excerpt":{"rendered":"<p>Pozv\u00e1nka &#8211; rok 2023 Jarmark v r\u00e1mci Krompa\u0161sk\u00fdch slavnost\u00ed 1.7.2023 Krompasske slavnosti 2023_pozv\u00e1nka_CZ Krompacher Fest 2023_Einladung_DE Pozv\u00e1nka &#8211; rok 2022 Jarmark v r\u00e1mci Krompa\u0161sk\u00fdch slavnost\u00ed 9.7.2022 Krompa\u0161sk\u00e9 slavnosti 2022_PROGRAM Krompacher Fest 2022_PROGRAMM Pozv\u00e1nka na jarmark &#8211; rok 2019 &#8211; 15. 6. 2019 Pozv\u00e1nka na jarmark &#8211; rok 2018 &#8211; 16. 6. 2018 Pozv\u00e1nka na jarmark [&hellip;]<\/p>\n","protected":false},"author":1,"featured_media":0,"parent":0,"menu_order":0,"comment_status":"closed","ping_status":"closed","template":"","meta":{"_links_to":"","_links_to_target":""},"_links":{"self":[{"href":"https:\/\/www.krompachumi.cz\/index.php?rest_route=\/wp\/v2\/pages\/474"}],"collection":[{"href":"https:\/\/www.krompachumi.cz\/index.php?rest_route=\/wp\/v2\/pages"}],"about":[{"href":"https:\/\/www.krompachumi.cz\/index.php?rest_route=\/wp\/v2\/types\/page"}],"author":[{"embeddable":true,"href":"https:\/\/www.krompachumi.cz\/index.php?rest_route=\/wp\/v2\/users\/1"}],"replies":[{"embeddable":true,"href":"https:\/\/www.krompachumi.cz\/index.php?rest_route=%2Fwp%2Fv2%2Fcomments&post=474"}],"version-history":[{"count":65,"href":"https:\/\/www.krompachumi.cz\/index.php?rest_route=\/wp\/v2\/pages\/474\/revisions"}],"predecessor-version":[{"id":1454,"href":"https:\/\/www.krompachumi.cz\/index.php?rest_route=\/wp\/v2\/pages\/474\/revisions\/1454"}],"wp:attachment":[{"href":"https:\/\/www.krompachumi.cz\/index.php?rest_route=%2Fwp%2Fv2%2Fmedia&parent=474"}],"curies":[{"name":"wp","href":"https:\/\/api.w.org\/{rel}","templated":true}]}}