{"id":5,"date":"2014-02-06T18:44:42","date_gmt":"2014-02-06T17:44:42","guid":{"rendered":"http:\/\/www.krompachumi.cz\/?page_id=5"},"modified":"2015-02-02T20:59:15","modified_gmt":"2015-02-02T19:59:15","slug":"o-projektu","status":"publish","type":"page","link":"https:\/\/www.krompachumi.cz\/?page_id=5","title":{"rendered":"O projektu"},"content":{"rendered":"<h1>Jak\u00fd je smysl projektu?<\/h1>\n<ul>\n<li>Na podporu komunikace mezi lidmi v obci byl vytvo\u0159en seznam t\u011bch soused\u016f, kte\u0159\u00ed jsou ochotn\u00ed nab\u00eddnout sv\u00e9 rady druh\u00e9mu.<\/li>\n<li>Tak vznikly webov\u00e9 str\u00e1nky www.krompachumi.cz, kde je tento seznam soused\u016f k dispozici. V obci existuje tak\u00e9 jeho ti\u0161t\u011bn\u00e1 podoba.<\/li>\n<li>Soused\u00e9 uveden\u00ed v seznamu nab\u00edz\u00ed svou radu v oblastech, kter\u00e9 je bav\u00ed a kter\u00e9 dob\u0159e um\u00ed, a\u0165 u\u017e jako sv\u00e9ho kon\u00ed\u010dka \u010di jako profesi.<\/li>\n<\/ul>\n<h1>Jak \u201eporadenstv\u00ed mezi sousedy\u201c v praxi funguje?<\/h1>\n<ol>\n<li>Z\u00e1jemce o radu si na t\u011bchto webov\u00fdch str\u00e1nk\u00e1ch v z\u00e1lo\u017ece \u201eSeznam adres\u201c nebo v  ti\u0161t\u011bn\u00e9 publikaci \u201eKrompach um\u00ed\u201c najde, kdo ze soused\u016f mu s jeho situac\u00ed pravd\u011bpodobn\u011b dok\u00e1\u017ee poradit.<\/li>\n<li>Z\u00e1jemce o radu zkontaktuje souseda, kter\u00fd radu nab\u00edz\u00ed.<\/li>\n<li>Oba soused\u00e9 se domluv\u00ed, kde a kdy se potkaj\u00ed \u2013 kde konkr\u00e9tn\u00ed t\u00e9ma prodiskutuj\u00ed (v restauraci, u sebe doma apod.)<\/li\n<\/ol>\n<h1>Pro koho mohou b\u00fdt webov\u00e9 str\u00e1nky \u201eKrompach um\u00ed\u201c u\u017eite\u010dn\u00e9?<\/h1>\n<p>P\u0159edev\u0161\u00edm jsou ur\u010deny krompa\u0161sk\u00fdm m\u00edstn\u00edm obyvatel\u016fm a chalup\u00e1\u0159\u016fm, kte\u0159\u00ed do obce v Lu\u017eick\u00fdch hor\u00e1ch jezd\u00ed tr\u00e1vit sv\u00e9 volno. <\/p>\n<h1>O jak\u00fd jarmark na t\u011bchto str\u00e1nk\u00e1ch jde a co m\u00e1 s projektem spole\u010dn\u00e9ho?<\/h1>\n<p>Jak je vid\u011bt i z t\u011bchto webov\u00fdch st\u00e1nek (z\u00e1lo\u017eka Seznam adres), soused\u00e9 v Krompachu um\u00ed poradit s pestrou \u0161k\u00e1lou t\u00e9mat. Jednou ro\u010dn\u011b se kon\u00e1 akce, na kter\u00e9 jsou n\u011bkte\u0159\u00ed ochotni sv\u00e9 kon\u00ed\u010dky uk\u00e1zat a vysv\u011btlit ostatn\u00edm. Toto p\u0159edstaven\u00ed kon\u00ed\u010dk\u016f na \u017eivo jsme nazvali &#8222;sousedsk\u00fd jarmark&#8220;. Nen\u00ed zam\u011b\u0159en na prodej. Jeho c\u00edlem je sezn\u00e1men\u00ed se s t\u00edm, kdo v obci co um\u00ed a t\u00edm nav\u00e1zat nov\u00e9 nebo utu\u017eit st\u00e1vaj\u00edc\u00ed sousedsk\u00e9 vztahy.<\/p>\n","protected":false},"excerpt":{"rendered":"<p>Jak\u00fd je smysl projektu? Na podporu komunikace mezi lidmi v obci byl vytvo\u0159en seznam t\u011bch soused\u016f, kte\u0159\u00ed jsou ochotn\u00ed nab\u00eddnout sv\u00e9 rady druh\u00e9mu. Tak vznikly webov\u00e9 str\u00e1nky www.krompachumi.cz, kde je tento seznam soused\u016f k dispozici. V obci existuje tak\u00e9 jeho ti\u0161t\u011bn\u00e1 podoba. Soused\u00e9 uveden\u00ed v seznamu nab\u00edz\u00ed svou radu v oblastech, kter\u00e9 je bav\u00ed a [&hellip;]<\/p>\n","protected":false},"author":1,"featured_media":0,"parent":0,"menu_order":0,"comment_status":"closed","ping_status":"closed","template":"","meta":{"_links_to":"","_links_to_target":""},"_links":{"self":[{"href":"https:\/\/www.krompachumi.cz\/index.php?rest_route=\/wp\/v2\/pages\/5"}],"collection":[{"href":"https:\/\/www.krompachumi.cz\/index.php?rest_route=\/wp\/v2\/pages"}],"about":[{"href":"https:\/\/www.krompachumi.cz\/index.php?rest_route=\/wp\/v2\/types\/page"}],"author":[{"embeddable":true,"href":"https:\/\/www.krompachumi.cz\/index.php?rest_route=\/wp\/v2\/users\/1"}],"replies":[{"embeddable":true,"href":"https:\/\/www.krompachumi.cz\/index.php?rest_route=%2Fwp%2Fv2%2Fcomments&post=5"}],"version-history":[{"count":18,"href":"https:\/\/www.krompachumi.cz\/index.php?rest_route=\/wp\/v2\/pages\/5\/revisions"}],"predecessor-version":[{"id":689,"href":"https:\/\/www.krompachumi.cz\/index.php?rest_route=\/wp\/v2\/pages\/5\/revisions\/689"}],"wp:attachment":[{"href":"https:\/\/www.krompachumi.cz\/index.php?rest_route=%2Fwp%2Fv2%2Fmedia&parent=5"}],"curies":[{"name":"wp","href":"https:\/\/api.w.org\/{rel}","templated":true}]}}