{"id":504,"date":"2014-05-13T13:20:04","date_gmt":"2014-05-13T11:20:04","guid":{"rendered":"http:\/\/www.krompachumi.cz\/?page_id=504"},"modified":"2016-05-29T11:13:42","modified_gmt":"2016-05-29T09:13:42","slug":"kontakty","status":"publish","type":"page","link":"https:\/\/www.krompachumi.cz\/?page_id=504","title":{"rendered":"Kontakty"},"content":{"rendered":"<h1>Kdo projekt zaji\u0161\u0165uje?<\/h1>\n<p>Jmenuji se Blanka Hor\u00e1\u010dkov\u00e1. P\u0159ipravila jsem projekt pro obec Krompach, kterou r\u00e1da nav\u0161t\u011bvuji se sv\u00fdm mu\u017eem. M\u00e1me zde s dal\u0161\u00edmi rodinn\u00fdmi p\u0159\u00edslu\u0161n\u00edky chalupu a r\u00e1di v Lu\u017eick\u00fdch hor\u00e1ch tr\u00e1v\u00edme co nejv\u00edce \u010dasu. <a name=\"kontakt\"><\/a><\/p>\n<h1>Kontakt<\/h1>\n<p>Zaj\u00edmaj\u00ed-li V\u00e1s jak\u00e9koli ot\u00e1zky, kontaktujte m\u011b pros\u00edm na <strong><a href=\"mailto:blanka.horackova@krompachumi.cz\">blanka.horackova@krompachumi.cz<\/a><\/strong><\/p>\n<div class=\"kontakt-mapa\">\n<a href=\"http:\/\/www.krompachumi.cz\/wp-content\/uploads\/2014\/05\/Kontakty_mapa.png\"><img decoding=\"async\" loading=\"lazy\" src=\"http:\/\/www.krompachumi.cz\/wp-content\/uploads\/2014\/05\/Kontakty_mapa.png\" alt=\"Kontakty_mapa\" class=\"alignnone size-full wp-image-513\" height=\"331\" width=\"436\" srcset=\"https:\/\/www.krompachumi.cz\/wp-content\/uploads\/2014\/05\/Kontakty_mapa.png 436w, https:\/\/www.krompachumi.cz\/wp-content\/uploads\/2014\/05\/Kontakty_mapa-300x227.png 300w, https:\/\/www.krompachumi.cz\/wp-content\/uploads\/2014\/05\/Kontakty_mapa-131x100.png 131w\" sizes=\"(max-width: 436px) 100vw, 436px\" \/><\/a>\n<\/div>\n<div class=\"kontakt-foto\">\n<a href=\"http:\/\/www.krompachumi.cz\/wp-content\/uploads\/2014\/05\/Kontakty_BlankaHorackova.jpg\"><img decoding=\"async\" loading=\"lazy\" src=\"http:\/\/www.krompachumi.cz\/wp-content\/uploads\/2014\/05\/Kontakty_BlankaHorackova.jpg\" alt=\"Kontakty_BlankaHorackova\" class=\"alignnone size-full wp-image-511\" height=\"331\" width=\"221\" srcset=\"https:\/\/www.krompachumi.cz\/wp-content\/uploads\/2014\/05\/Kontakty_BlankaHorackova.jpg 221w, https:\/\/www.krompachumi.cz\/wp-content\/uploads\/2014\/05\/Kontakty_BlankaHorackova-200x300.jpg 200w, https:\/\/www.krompachumi.cz\/wp-content\/uploads\/2014\/05\/Kontakty_BlankaHorackova-66x100.jpg 66w\" sizes=\"(max-width: 221px) 100vw, 221px\" \/><\/a>\n<\/div>\n<h1>Kdo projekt podporuje a odkazy na webov\u00e9 str\u00e1nky<\/h1>\n<ul>\n<li><a href=\"http:\/\/www.obec-krompach.cz\/\" title=\"www.obec-krompach.cz\" target=\"_blank\">Obec Krompach<\/a><\/li>\n<li><a href=\"http:\/\/www.spk_krompach.wbs.cz\/Krompasske-rozhledy---obcasnik-SpK.html\" title=\"www.spk_krompach.wbs.cz\" target=\"_blank\">Sdru\u017een\u00ed pro Krompach a jejich ob\u010dasn\u00edk Krompa\u0161sk\u00e9 rozhledy<\/a><\/li>\n<li><a href=\"http:\/\/johannisstein.eu\/home_os.php?dtm=20140505\" title=\"johannisstein.eu\" target=\"_blank\">Dobrovoln\u00e9 ob\u010dansk\u00e9 z\u00e1jmov\u00e9 sdru\u017een\u00ed J\u00e1nsk\u00e9 kameny<\/a><\/li>\n<li><a href=\"http:\/\/www.sdhkrompach.banda.cz\/\" title=\"www.sdhkrompach.banda.cz\" target=\"_blank\">Hasi\u010di Krompach (Sbor dobrovoln\u00fdch hasi\u010d\u016f Krompach)<\/a><\/li>\n<li><a href=\"http:\/\/www.ddkrompach.cz\/\" title=\"www.ddkrompach.cz\" target=\"_blank\">D\u011btsk\u00fd domov Krompach<\/a><\/li>\n<li><a href=\"http:\/\/www.oybin.com\/html\/rathaus.html\" title=\"www.oybin.com\" target=\"_blank\">Starosta obce Oybin v t\u011bsn\u00e9 bl\u00edzkosti obce Krompach<\/a><\/li>\n<li><a href=\"http:\/\/www.nadacevia.cz\/cz\/granty-a-podpora\/podporene-projekty\/mluvme-spolu-o-tom-co-umime-a-jak-si-muzeme-pomoci\" title=\"www.nadacevia.cz\" target=\"_blank\">Nadace VIA<\/a><\/li>\n<li><a href=\"https:\/\/www.t-mobile.cz\/microsites\/pomahame\/grantove-vyzvy.html#krompach-umi\/\" title=\"https:\/\/www.t-mobile.cz\/microsites\/pomahame\/grantove-vyzvy.html#krompach-umi\" target=\"_blank\">T-mobile<\/a><\/li>\n<li>Tv\u016frci aplikace <a href=\"http:\/\/www.wujigrid.com\" title=\"www.wujigrid.com\" target=\"_blank\">WujiGrid<\/a> pro vzd\u00e1lenou spolupr\u00e1ci v re\u00e1ln\u00e9m \u010dase.<\/li>\n<\/ul>\n","protected":false},"excerpt":{"rendered":"<p>Kdo projekt zaji\u0161\u0165uje? Jmenuji se Blanka Hor\u00e1\u010dkov\u00e1. P\u0159ipravila jsem projekt pro obec Krompach, kterou r\u00e1da nav\u0161t\u011bvuji se sv\u00fdm mu\u017eem. M\u00e1me zde s dal\u0161\u00edmi rodinn\u00fdmi p\u0159\u00edslu\u0161n\u00edky chalupu a r\u00e1di v Lu\u017eick\u00fdch hor\u00e1ch tr\u00e1v\u00edme co nejv\u00edce \u010dasu. Kontakt Zaj\u00edmaj\u00ed-li V\u00e1s jak\u00e9koli ot\u00e1zky, kontaktujte m\u011b pros\u00edm na blanka.horackova@krompachumi.cz Kdo projekt podporuje a odkazy na webov\u00e9 str\u00e1nky Obec Krompach [&hellip;]<\/p>\n","protected":false},"author":1,"featured_media":0,"parent":0,"menu_order":0,"comment_status":"closed","ping_status":"closed","template":"","meta":{"_links_to":"","_links_to_target":""},"_links":{"self":[{"href":"https:\/\/www.krompachumi.cz\/index.php?rest_route=\/wp\/v2\/pages\/504"}],"collection":[{"href":"https:\/\/www.krompachumi.cz\/index.php?rest_route=\/wp\/v2\/pages"}],"about":[{"href":"https:\/\/www.krompachumi.cz\/index.php?rest_route=\/wp\/v2\/types\/page"}],"author":[{"embeddable":true,"href":"https:\/\/www.krompachumi.cz\/index.php?rest_route=\/wp\/v2\/users\/1"}],"replies":[{"embeddable":true,"href":"https:\/\/www.krompachumi.cz\/index.php?rest_route=%2Fwp%2Fv2%2Fcomments&post=504"}],"version-history":[{"count":10,"href":"https:\/\/www.krompachumi.cz\/index.php?rest_route=\/wp\/v2\/pages\/504\/revisions"}],"predecessor-version":[{"id":825,"href":"https:\/\/www.krompachumi.cz\/index.php?rest_route=\/wp\/v2\/pages\/504\/revisions\/825"}],"wp:attachment":[{"href":"https:\/\/www.krompachumi.cz\/index.php?rest_route=%2Fwp%2Fv2%2Fmedia&parent=504"}],"curies":[{"name":"wp","href":"https:\/\/api.w.org\/{rel}","templated":true}]}}