{"id":538,"date":"2014-05-13T15:10:02","date_gmt":"2014-05-13T13:10:02","guid":{"rendered":"http:\/\/www.krompachumi.cz\/?page_id=538"},"modified":"2014-05-14T22:25:36","modified_gmt":"2014-05-14T20:25:36","slug":"jak-vyhledavat","status":"publish","type":"page","link":"https:\/\/www.krompachumi.cz\/?page_id=538","title":{"rendered":"N\u00e1vod, jak zad\u00e1vat kl\u00ed\u010dov\u00e1 slova pro vyhled\u00e1v\u00e1n\u00ed:"},"content":{"rendered":"<ul>\n<li>Jestli\u017ee nenaleznete konkr\u00e9tn\u00ed odpov\u011b\u010f na V\u00e1mi hledan\u00e9 slovo, zadejte slovo podobn\u00e9 nebo obdobn\u00e9, \u010dast\u011bji pou\u017e\u00edvan\u00e9 apod.<\/li>\n<li>N\u011bkdy pom\u016f\u017ee m\u00edsto velmi konkr\u00e9tn\u00edho slova pou\u017e\u00edt slovo obecn\u011bj\u0161\u00ed, anebo naopak.<\/li>\n<li>Pokud hled\u00e1te nap\u0159. &#8222;instalat\u00e9rsk\u00e9 pr\u00e1ce&#8220;, doporu\u010dujeme sp\u00ed\u0161e zadat 1 kl\u00ed\u010dov\u00e9 slovo, v tomto p\u0159\u00edpad\u011b &#8222;instalat\u00e9rsk\u00e9&#8220;<\/li>\n<li>Pokud zad\u00e1te velmi obecn\u00e9 slovo, jako nap\u0159. &#8222;pr\u00e1ce&#8220;, zobraz\u00ed se v\u0161echny druhy pr\u00e1ce, kter\u00e9 jsou na str\u00e1nk\u00e1ch. D\u016fvodem je zobrazit V\u00e1m i p\u0159ibli\u017enou nab\u00eddku, nebo\u0165 nov\u011b vytvo\u0159en\u00e1 datab\u00e1ze zat\u00edm nab\u00edz\u00ed limitovan\u00e9 mno\u017estv\u00ed oblast\u00ed.<\/li>\n<li>Pokud ani p\u0159i pou\u017eit\u00ed tohoto n\u00e1vodu ve hled\u00e1n\u00ed neusp\u011bjete, napi\u0161te n\u00e1m, pros\u00edm na email <a href=\"mailto:blanka.horackova@krompachumi.cz\">blanka.horackova@krompachumi.cz<\/a>. Uve\u010fte,<br \/>\nco jste hledali a nena\u0161li. Zamysl\u00edme se, jak hled\u00e1n\u00ed kl\u00ed\u010dov\u00fdch slov upravit, aby V\u00e1m tyto str\u00e1nky opravdu pomohly.<\/li>\n<\/ul>\n","protected":false},"excerpt":{"rendered":"<p>Jestli\u017ee nenaleznete konkr\u00e9tn\u00ed odpov\u011b\u010f na V\u00e1mi hledan\u00e9 slovo, zadejte slovo podobn\u00e9 nebo obdobn\u00e9, \u010dast\u011bji pou\u017e\u00edvan\u00e9 apod. N\u011bkdy pom\u016f\u017ee m\u00edsto velmi konkr\u00e9tn\u00edho slova pou\u017e\u00edt slovo obecn\u011bj\u0161\u00ed, anebo naopak. Pokud hled\u00e1te nap\u0159. &#8222;instalat\u00e9rsk\u00e9 pr\u00e1ce&#8220;, doporu\u010dujeme sp\u00ed\u0161e zadat 1 kl\u00ed\u010dov\u00e9 slovo, v tomto p\u0159\u00edpad\u011b &#8222;instalat\u00e9rsk\u00e9&#8220; Pokud zad\u00e1te velmi obecn\u00e9 slovo, jako nap\u0159. &#8222;pr\u00e1ce&#8220;, zobraz\u00ed se v\u0161echny druhy pr\u00e1ce, [&hellip;]<\/p>\n","protected":false},"author":1,"featured_media":0,"parent":0,"menu_order":0,"comment_status":"closed","ping_status":"closed","template":"","meta":{"_links_to":"","_links_to_target":""},"_links":{"self":[{"href":"https:\/\/www.krompachumi.cz\/index.php?rest_route=\/wp\/v2\/pages\/538"}],"collection":[{"href":"https:\/\/www.krompachumi.cz\/index.php?rest_route=\/wp\/v2\/pages"}],"about":[{"href":"https:\/\/www.krompachumi.cz\/index.php?rest_route=\/wp\/v2\/types\/page"}],"author":[{"embeddable":true,"href":"https:\/\/www.krompachumi.cz\/index.php?rest_route=\/wp\/v2\/users\/1"}],"replies":[{"embeddable":true,"href":"https:\/\/www.krompachumi.cz\/index.php?rest_route=%2Fwp%2Fv2%2Fcomments&post=538"}],"version-history":[{"count":6,"href":"https:\/\/www.krompachumi.cz\/index.php?rest_route=\/wp\/v2\/pages\/538\/revisions"}],"predecessor-version":[{"id":564,"href":"https:\/\/www.krompachumi.cz\/index.php?rest_route=\/wp\/v2\/pages\/538\/revisions\/564"}],"wp:attachment":[{"href":"https:\/\/www.krompachumi.cz\/index.php?rest_route=%2Fwp%2Fv2%2Fmedia&parent=538"}],"curies":[{"name":"wp","href":"https:\/\/api.w.org\/{rel}","templated":true}]}}