{"id":679,"date":"2015-01-27T09:29:42","date_gmt":"2015-01-27T08:29:42","guid":{"rendered":"http:\/\/www.krompachumi.cz\/?page_id=679"},"modified":"2024-07-10T14:39:39","modified_gmt":"2024-07-10T12:39:39","slug":"videa","status":"publish","type":"page","link":"https:\/\/www.krompachumi.cz\/?page_id=679","title":{"rendered":"Videa"},"content":{"rendered":"\n<p><a href=\"https:\/\/www.ceskatelevize.cz\/porady\/13889655314-peceni-na-nedeli\/223544160510005\/\">https:\/\/www.ceskatelevize.cz\/porady\/13889655314-peceni-na-nedeli\/223544160510005\/<\/a><\/p>\n\n\n<p><strong>Krompach um\u00ed<\/strong><\/p>\n<p><iframe loading=\"lazy\" src=\"\/\/www.youtube.com\/embed\/T7JySk7FzcQ\" width=\"560\" height=\"315\" frameborder=\"0\" allowfullscreen=\"allowfullscreen\"><\/iframe><\/p>\n<p>C\u00edlem aktivity Krompach um\u00ed je, aby se o sob\u011b soused\u00e9 dov\u011bd\u011bli, co kdo um\u00ed a o t\u011bchto t\u00e9matech spolu v\u00edce mluvili. Jde tak\u00e9 o to, aby se sv\u00fdmi kon\u00ed\u010dky lid\u00e9 pochlubili a aby si vz\u00e1jemn\u011b zdarma a dobrovoln\u011b poradili. Datab\u00e1zi dovednost\u00ed ka\u017ed\u00fd najde na jednom m\u00edst\u011b &#8211; na webov\u00fdch str\u00e1nk\u00e1ch a v ti\u0161t\u011bn\u00e9 podob\u011b dostupn\u00e9 v obci. Obdobn\u00e9 aktivity mohou b\u00fdt realizov\u00e1ny tak\u00e9 pro dal\u0161\u00ed obce v \u010cR, Rakousku, N\u011bmecku, atd.<\/p>\n<p><strong>Neighbours in Krompach can do it<\/strong><\/p>\n<p><iframe loading=\"lazy\" src=\"\/\/www.youtube.com\/embed\/8rrb42g4kyw\" width=\"560\" height=\"315\" frameborder=\"0\" allowfullscreen=\"allowfullscreen\"><\/iframe><\/p>\n<p>The goal of the activity is to let know neighbours in a village in what areas of interest can people in their community advise them. The created database of skills is available on web sites and in printed version in the village Krompach in the northern Bohemia.<\/p>\n<p>People enthusiastic about creating a similar database in their own community are always welcome. If you are interested do not hesitate to contact me.<\/p>\n<p><iframe loading=\"lazy\" src=\"\/\/www.youtube.com\/embed\/iyiuTdB6lqE\" width=\"560\" height=\"315\" frameborder=\"0\" allowfullscreen=\"allowfullscreen\"><\/iframe><\/p>","protected":false},"excerpt":{"rendered":"<p>https:\/\/www.ceskatelevize.cz\/porady\/13889655314-peceni-na-nedeli\/223544160510005\/ Krompach um\u00ed C\u00edlem aktivity Krompach um\u00ed je, aby se o sob\u011b soused\u00e9 dov\u011bd\u011bli, co kdo um\u00ed a o t\u011bchto t\u00e9matech spolu v\u00edce mluvili. Jde tak\u00e9 o to, aby se sv\u00fdmi kon\u00ed\u010dky lid\u00e9 pochlubili a aby si vz\u00e1jemn\u011b zdarma a dobrovoln\u011b poradili. Datab\u00e1zi dovednost\u00ed ka\u017ed\u00fd najde na jednom m\u00edst\u011b &#8211; na webov\u00fdch str\u00e1nk\u00e1ch a v [&hellip;]<\/p>\n","protected":false},"author":1,"featured_media":0,"parent":0,"menu_order":0,"comment_status":"closed","ping_status":"closed","template":"","meta":{"_links_to":"","_links_to_target":""},"_links":{"self":[{"href":"https:\/\/www.krompachumi.cz\/index.php?rest_route=\/wp\/v2\/pages\/679"}],"collection":[{"href":"https:\/\/www.krompachumi.cz\/index.php?rest_route=\/wp\/v2\/pages"}],"about":[{"href":"https:\/\/www.krompachumi.cz\/index.php?rest_route=\/wp\/v2\/types\/page"}],"author":[{"embeddable":true,"href":"https:\/\/www.krompachumi.cz\/index.php?rest_route=\/wp\/v2\/users\/1"}],"replies":[{"embeddable":true,"href":"https:\/\/www.krompachumi.cz\/index.php?rest_route=%2Fwp%2Fv2%2Fcomments&post=679"}],"version-history":[{"count":10,"href":"https:\/\/www.krompachumi.cz\/index.php?rest_route=\/wp\/v2\/pages\/679\/revisions"}],"predecessor-version":[{"id":1532,"href":"https:\/\/www.krompachumi.cz\/index.php?rest_route=\/wp\/v2\/pages\/679\/revisions\/1532"}],"wp:attachment":[{"href":"https:\/\/www.krompachumi.cz\/index.php?rest_route=%2Fwp%2Fv2%2Fmedia&parent=679"}],"curies":[{"name":"wp","href":"https:\/\/api.w.org\/{rel}","templated":true}]}}